{"id":11,"date":"2024-03-28T09:58:19","date_gmt":"2024-03-28T08:58:19","guid":{"rendered":"https:\/\/laurefries.com\/?page_id=11"},"modified":"2025-01-21T16:56:37","modified_gmt":"2025-01-21T15:56:37","slug":"about","status":"publish","type":"page","link":"https:\/\/laurefries.com\/index.php\/about\/","title":{"rendered":"ABOUT"},"content":{"rendered":"\t\t<div data-elementor-type=\"wp-page\" data-elementor-id=\"11\" class=\"elementor elementor-11\" data-elementor-post-type=\"page\">\n\t\t\t\t<div class=\"elementor-element elementor-element-af2eb66 e-con-full elementor-hidden-mobile e-flex e-con e-parent\" data-id=\"af2eb66\" data-element_type=\"container\" data-e-type=\"container\" data-settings=\"{&quot;background_background&quot;:&quot;classic&quot;}\">\n\t\t<div class=\"elementor-element elementor-element-d6b5872 e-con-full e-flex e-con e-child\" data-id=\"d6b5872\" data-element_type=\"container\" data-e-type=\"container\">\n\t\t\t\t<\/div>\n\t\t<div class=\"elementor-element elementor-element-9bcb504 e-con-full e-flex e-con e-child\" data-id=\"9bcb504\" data-element_type=\"container\" data-e-type=\"container\">\n\t\t\t\t<\/div>\n\t\t<div class=\"elementor-element elementor-element-b032348 e-con-full e-flex e-con e-child\" data-id=\"b032348\" data-element_type=\"container\" data-e-type=\"container\">\n\t\t\t\t<div class=\"elementor-element elementor-element-c9c125c elementor-nav-menu__align-end elementor-widget__width-initial elementor-nav-menu--dropdown-none elementor-widget-mobile__width-initial elementor-widget elementor-widget-nav-menu\" data-id=\"c9c125c\" data-element_type=\"widget\" data-e-type=\"widget\" data-settings=\"{&quot;layout&quot;:&quot;vertical&quot;,&quot;submenu_icon&quot;:{&quot;value&quot;:&quot;&lt;svg class=\\&quot;e-font-icon-svg e-fas-caret-down\\&quot; viewBox=\\&quot;0 0 320 512\\&quot; xmlns=\\&quot;http:\\\/\\\/www.w3.org\\\/2000\\\/svg\\&quot;&gt;&lt;path d=\\&quot;M31.3 192h257.3c17.8 0 26.7 21.5 14.1 34.1L174.1 354.8c-7.8 7.8-20.5 7.8-28.3 0L17.2 226.1C4.6 213.5 13.5 192 31.3 192z\\&quot;&gt;&lt;\\\/path&gt;&lt;\\\/svg&gt;&quot;,&quot;library&quot;:&quot;fa-solid&quot;}}\" data-widget_type=\"nav-menu.default\">\n\t\t\t\t<div class=\"elementor-widget-container\">\n\t\t\t\t\t\t\t\t<nav class=\"elementor-nav-menu--main elementor-nav-menu__container elementor-nav-menu--layout-vertical e--pointer-none\">\n\t\t\t\t<ul id=\"menu-1-c9c125c\" class=\"elementor-nav-menu sm-vertical\"><li class=\"menu-item menu-item-type-post_type menu-item-object-page menu-item-602\"><a href=\"https:\/\/laurefries.com\/index.php\/architecture\/\" class=\"elementor-item\">ARCHITECTURE<\/a><\/li>\n<li class=\"menu-item menu-item-type-post_type menu-item-object-page menu-item-1097\"><a href=\"https:\/\/laurefries.com\/index.php\/art-2\/\" class=\"elementor-item\">ART<\/a><\/li>\n<li class=\"menu-item menu-item-type-post_type menu-item-object-page menu-item-2374\"><a href=\"https:\/\/laurefries.com\/index.php\/design\/\" class=\"elementor-item\">DESIGN<\/a><\/li>\n<li class=\"menu-item menu-item-type-post_type menu-item-object-page menu-item-605\"><a href=\"https:\/\/laurefries.com\/index.php\/about\/\" class=\"elementor-item\">ABOUT<\/a><\/li>\n<\/ul>\t\t\t<\/nav>\n\t\t\t\t\t\t<nav class=\"elementor-nav-menu--dropdown elementor-nav-menu__container\" aria-hidden=\"true\">\n\t\t\t\t<ul id=\"menu-2-c9c125c\" class=\"elementor-nav-menu sm-vertical\"><li class=\"menu-item menu-item-type-post_type menu-item-object-page menu-item-602\"><a href=\"https:\/\/laurefries.com\/index.php\/architecture\/\" class=\"elementor-item\" tabindex=\"-1\">ARCHITECTURE<\/a><\/li>\n<li class=\"menu-item menu-item-type-post_type menu-item-object-page menu-item-1097\"><a href=\"https:\/\/laurefries.com\/index.php\/art-2\/\" class=\"elementor-item\" tabindex=\"-1\">ART<\/a><\/li>\n<li class=\"menu-item menu-item-type-post_type menu-item-object-page menu-item-2374\"><a href=\"https:\/\/laurefries.com\/index.php\/design\/\" class=\"elementor-item\" tabindex=\"-1\">DESIGN<\/a><\/li>\n<li class=\"menu-item menu-item-type-post_type menu-item-object-page menu-item-605\"><a href=\"https:\/\/laurefries.com\/index.php\/about\/\" class=\"elementor-item\" tabindex=\"-1\">ABOUT<\/a><\/li>\n<\/ul>\t\t\t<\/nav>\n\t\t\t\t\t\t<\/div>\n\t\t\t\t<\/div>\n\t\t\t\t<div class=\"elementor-element elementor-element-174fced elementor-nav-menu__align-start elementor-nav-menu--dropdown-none elementor-widget__width-initial elementor-widget-mobile__width-initial elementor-widget elementor-widget-nav-menu\" data-id=\"174fced\" data-element_type=\"widget\" data-e-type=\"widget\" data-settings=\"{&quot;layout&quot;:&quot;vertical&quot;,&quot;submenu_icon&quot;:{&quot;value&quot;:&quot;&lt;svg class=\\&quot;e-font-icon-svg e-fas-caret-down\\&quot; viewBox=\\&quot;0 0 320 512\\&quot; xmlns=\\&quot;http:\\\/\\\/www.w3.org\\\/2000\\\/svg\\&quot;&gt;&lt;path d=\\&quot;M31.3 192h257.3c17.8 0 26.7 21.5 14.1 34.1L174.1 354.8c-7.8 7.8-20.5 7.8-28.3 0L17.2 226.1C4.6 213.5 13.5 192 31.3 192z\\&quot;&gt;&lt;\\\/path&gt;&lt;\\\/svg&gt;&quot;,&quot;library&quot;:&quot;fa-solid&quot;}}\" data-widget_type=\"nav-menu.default\">\n\t\t\t\t<div class=\"elementor-widget-container\">\n\t\t\t\t\t\t\t\t<nav class=\"elementor-nav-menu--main elementor-nav-menu__container elementor-nav-menu--layout-vertical e--pointer-none\">\n\t\t\t\t<ul id=\"menu-1-174fced\" class=\"elementor-nav-menu sm-vertical\"><li class=\"menu-item menu-item-type-post_type menu-item-object-page menu-item-1221\"><a href=\"https:\/\/laurefries.com\/index.php\/index-page-1-2\/\" class=\"elementor-item\">\u2014 index a<\/a><\/li>\n<li class=\"menu-item menu-item-type-post_type menu-item-object-page menu-item-1096\"><a href=\"https:\/\/laurefries.com\/index.php\/index-page-2\/\" class=\"elementor-item\">\u2014 index a<\/a><\/li>\n<li class=\"menu-item menu-item-type-post_type menu-item-object-page menu-item-2530\"><a href=\"https:\/\/laurefries.com\/index.php\/index-des\/\" class=\"elementor-item\">\u2014 index d<\/a><\/li>\n<\/ul>\t\t\t<\/nav>\n\t\t\t\t\t\t<nav class=\"elementor-nav-menu--dropdown elementor-nav-menu__container\" aria-hidden=\"true\">\n\t\t\t\t<ul id=\"menu-2-174fced\" class=\"elementor-nav-menu sm-vertical\"><li class=\"menu-item menu-item-type-post_type menu-item-object-page menu-item-1221\"><a href=\"https:\/\/laurefries.com\/index.php\/index-page-1-2\/\" class=\"elementor-item\" tabindex=\"-1\">\u2014 index a<\/a><\/li>\n<li class=\"menu-item menu-item-type-post_type menu-item-object-page menu-item-1096\"><a href=\"https:\/\/laurefries.com\/index.php\/index-page-2\/\" class=\"elementor-item\" tabindex=\"-1\">\u2014 index a<\/a><\/li>\n<li class=\"menu-item menu-item-type-post_type menu-item-object-page menu-item-2530\"><a href=\"https:\/\/laurefries.com\/index.php\/index-des\/\" class=\"elementor-item\" tabindex=\"-1\">\u2014 index d<\/a><\/li>\n<\/ul>\t\t\t<\/nav>\n\t\t\t\t\t\t<\/div>\n\t\t\t\t<\/div>\n\t\t\t\t<\/div>\n\t\t\t\t<\/div>\n\t\t<div class=\"elementor-element elementor-element-cfc8b8a elementor-hidden-desktop elementor-hidden-tablet e-flex e-con-boxed e-con e-parent\" data-id=\"cfc8b8a\" data-element_type=\"container\" data-e-type=\"container\" data-settings=\"{&quot;sticky&quot;:&quot;top&quot;,&quot;background_background&quot;:&quot;classic&quot;,&quot;sticky_on&quot;:[&quot;desktop&quot;,&quot;tablet&quot;,&quot;mobile&quot;],&quot;sticky_offset&quot;:0,&quot;sticky_effects_offset&quot;:0}\">\n\t\t\t\t\t<div class=\"e-con-inner\">\n\t\t<div class=\"elementor-element elementor-element-0710308 e-con-full e-flex e-con e-child\" data-id=\"0710308\" data-element_type=\"container\" data-e-type=\"container\">\n\t\t\t\t<div class=\"elementor-element elementor-element-4b96470 elementor-widget elementor-widget-image\" data-id=\"4b96470\" data-element_type=\"widget\" data-e-type=\"widget\" data-widget_type=\"image.default\">\n\t\t\t\t<div class=\"elementor-widget-container\">\n\t\t\t\t\t\t\t\t\t\t\t\t\t\t\t\t<a href=\"https:\/\/laurefries.com\/\">\n\t\t\t\t\t\t\t<img fetchpriority=\"high\" decoding=\"async\" width=\"512\" height=\"233\" src=\"https:\/\/laurefries.com\/wp-content\/uploads\/2024\/03\/cropped-LOGO-BLOC-noir-07-1-e1716801922958.jpg\" class=\"attachment-large size-large wp-image-363\" alt=\"\" srcset=\"https:\/\/laurefries.com\/wp-content\/uploads\/2024\/03\/cropped-LOGO-BLOC-noir-07-1-e1716801922958.jpg 512w, https:\/\/laurefries.com\/wp-content\/uploads\/2024\/03\/cropped-LOGO-BLOC-noir-07-1-e1716801922958-300x137.jpg 300w\" sizes=\"(max-width: 512px) 100vw, 512px\" \/>\t\t\t\t\t\t\t\t<\/a>\n\t\t\t\t\t\t\t\t\t\t\t\t\t\t\t<\/div>\n\t\t\t\t<\/div>\n\t\t\t\t<\/div>\n\t\t<div class=\"elementor-element elementor-element-5a53e6d e-con-full e-flex e-con e-child\" data-id=\"5a53e6d\" data-element_type=\"container\" data-e-type=\"container\">\n\t\t\t\t<div class=\"elementor-element elementor-element-842547d elementor-nav-menu__align-end elementor-widget__width-initial elementor-nav-menu--dropdown-none elementor-widget elementor-widget-nav-menu\" data-id=\"842547d\" data-element_type=\"widget\" data-e-type=\"widget\" data-settings=\"{&quot;layout&quot;:&quot;vertical&quot;,&quot;submenu_icon&quot;:{&quot;value&quot;:&quot;&lt;svg class=\\&quot;e-font-icon-svg e-fas-caret-down\\&quot; viewBox=\\&quot;0 0 320 512\\&quot; xmlns=\\&quot;http:\\\/\\\/www.w3.org\\\/2000\\\/svg\\&quot;&gt;&lt;path d=\\&quot;M31.3 192h257.3c17.8 0 26.7 21.5 14.1 34.1L174.1 354.8c-7.8 7.8-20.5 7.8-28.3 0L17.2 226.1C4.6 213.5 13.5 192 31.3 192z\\&quot;&gt;&lt;\\\/path&gt;&lt;\\\/svg&gt;&quot;,&quot;library&quot;:&quot;fa-solid&quot;}}\" data-widget_type=\"nav-menu.default\">\n\t\t\t\t<div class=\"elementor-widget-container\">\n\t\t\t\t\t\t\t\t<nav class=\"elementor-nav-menu--main elementor-nav-menu__container elementor-nav-menu--layout-vertical e--pointer-none\">\n\t\t\t\t<ul id=\"menu-1-842547d\" class=\"elementor-nav-menu sm-vertical\"><li class=\"menu-item menu-item-type-post_type menu-item-object-page menu-item-602\"><a href=\"https:\/\/laurefries.com\/index.php\/architecture\/\" class=\"elementor-item\">ARCHITECTURE<\/a><\/li>\n<li class=\"menu-item menu-item-type-post_type menu-item-object-page menu-item-1097\"><a href=\"https:\/\/laurefries.com\/index.php\/art-2\/\" class=\"elementor-item\">ART<\/a><\/li>\n<li class=\"menu-item menu-item-type-post_type menu-item-object-page menu-item-2374\"><a href=\"https:\/\/laurefries.com\/index.php\/design\/\" class=\"elementor-item\">DESIGN<\/a><\/li>\n<li class=\"menu-item menu-item-type-post_type menu-item-object-page menu-item-605\"><a href=\"https:\/\/laurefries.com\/index.php\/about\/\" class=\"elementor-item\">ABOUT<\/a><\/li>\n<\/ul>\t\t\t<\/nav>\n\t\t\t\t\t\t<nav class=\"elementor-nav-menu--dropdown elementor-nav-menu__container\" aria-hidden=\"true\">\n\t\t\t\t<ul id=\"menu-2-842547d\" class=\"elementor-nav-menu sm-vertical\"><li class=\"menu-item menu-item-type-post_type menu-item-object-page menu-item-602\"><a href=\"https:\/\/laurefries.com\/index.php\/architecture\/\" class=\"elementor-item\" tabindex=\"-1\">ARCHITECTURE<\/a><\/li>\n<li class=\"menu-item menu-item-type-post_type menu-item-object-page menu-item-1097\"><a href=\"https:\/\/laurefries.com\/index.php\/art-2\/\" class=\"elementor-item\" tabindex=\"-1\">ART<\/a><\/li>\n<li class=\"menu-item menu-item-type-post_type menu-item-object-page menu-item-2374\"><a href=\"https:\/\/laurefries.com\/index.php\/design\/\" class=\"elementor-item\" tabindex=\"-1\">DESIGN<\/a><\/li>\n<li class=\"menu-item menu-item-type-post_type menu-item-object-page menu-item-605\"><a href=\"https:\/\/laurefries.com\/index.php\/about\/\" class=\"elementor-item\" tabindex=\"-1\">ABOUT<\/a><\/li>\n<\/ul>\t\t\t<\/nav>\n\t\t\t\t\t\t<\/div>\n\t\t\t\t<\/div>\n\t\t\t\t<\/div>\n\t\t<div class=\"elementor-element elementor-element-dd11b80 e-con-full e-flex e-con e-child\" data-id=\"dd11b80\" data-element_type=\"container\" data-e-type=\"container\">\n\t\t\t\t<div class=\"elementor-element elementor-element-6a2ba26 elementor-nav-menu__align-start elementor-nav-menu--dropdown-none elementor-widget-mobile__width-initial elementor-widget elementor-widget-nav-menu\" data-id=\"6a2ba26\" data-element_type=\"widget\" data-e-type=\"widget\" data-settings=\"{&quot;layout&quot;:&quot;vertical&quot;,&quot;submenu_icon&quot;:{&quot;value&quot;:&quot;&lt;svg class=\\&quot;e-font-icon-svg e-fas-caret-down\\&quot; viewBox=\\&quot;0 0 320 512\\&quot; xmlns=\\&quot;http:\\\/\\\/www.w3.org\\\/2000\\\/svg\\&quot;&gt;&lt;path d=\\&quot;M31.3 192h257.3c17.8 0 26.7 21.5 14.1 34.1L174.1 354.8c-7.8 7.8-20.5 7.8-28.3 0L17.2 226.1C4.6 213.5 13.5 192 31.3 192z\\&quot;&gt;&lt;\\\/path&gt;&lt;\\\/svg&gt;&quot;,&quot;library&quot;:&quot;fa-solid&quot;}}\" data-widget_type=\"nav-menu.default\">\n\t\t\t\t<div class=\"elementor-widget-container\">\n\t\t\t\t\t\t\t\t<nav class=\"elementor-nav-menu--main elementor-nav-menu__container elementor-nav-menu--layout-vertical e--pointer-none\">\n\t\t\t\t<ul id=\"menu-1-6a2ba26\" class=\"elementor-nav-menu sm-vertical\"><li class=\"menu-item menu-item-type-post_type menu-item-object-page menu-item-1221\"><a href=\"https:\/\/laurefries.com\/index.php\/index-page-1-2\/\" class=\"elementor-item\">\u2014 index a<\/a><\/li>\n<li class=\"menu-item menu-item-type-post_type menu-item-object-page menu-item-1096\"><a href=\"https:\/\/laurefries.com\/index.php\/index-page-2\/\" class=\"elementor-item\">\u2014 index a<\/a><\/li>\n<li class=\"menu-item menu-item-type-post_type menu-item-object-page menu-item-2530\"><a href=\"https:\/\/laurefries.com\/index.php\/index-des\/\" class=\"elementor-item\">\u2014 index d<\/a><\/li>\n<\/ul>\t\t\t<\/nav>\n\t\t\t\t\t\t<nav class=\"elementor-nav-menu--dropdown elementor-nav-menu__container\" aria-hidden=\"true\">\n\t\t\t\t<ul id=\"menu-2-6a2ba26\" class=\"elementor-nav-menu sm-vertical\"><li class=\"menu-item menu-item-type-post_type menu-item-object-page menu-item-1221\"><a href=\"https:\/\/laurefries.com\/index.php\/index-page-1-2\/\" class=\"elementor-item\" tabindex=\"-1\">\u2014 index a<\/a><\/li>\n<li class=\"menu-item menu-item-type-post_type menu-item-object-page menu-item-1096\"><a href=\"https:\/\/laurefries.com\/index.php\/index-page-2\/\" class=\"elementor-item\" tabindex=\"-1\">\u2014 index a<\/a><\/li>\n<li class=\"menu-item menu-item-type-post_type menu-item-object-page menu-item-2530\"><a href=\"https:\/\/laurefries.com\/index.php\/index-des\/\" class=\"elementor-item\" tabindex=\"-1\">\u2014 index d<\/a><\/li>\n<\/ul>\t\t\t<\/nav>\n\t\t\t\t\t\t<\/div>\n\t\t\t\t<\/div>\n\t\t\t\t<\/div>\n\t\t\t\t\t<\/div>\n\t\t\t\t<\/div>\n\t\t<div class=\"elementor-element elementor-element-acfe6aa e-con-full e-flex e-con e-parent\" data-id=\"acfe6aa\" data-element_type=\"container\" data-e-type=\"container\" data-settings=\"{&quot;background_background&quot;:&quot;classic&quot;}\">\n\t\t<div class=\"elementor-element elementor-element-520c9f1 e-con-full e-flex e-con e-child\" data-id=\"520c9f1\" data-element_type=\"container\" data-e-type=\"container\">\n\t\t<div class=\"elementor-element elementor-element-b776a80 e-flex e-con-boxed e-con e-child\" data-id=\"b776a80\" data-element_type=\"container\" data-e-type=\"container\">\n\t\t\t\t\t<div class=\"e-con-inner\">\n\t\t\t\t<div class=\"elementor-element elementor-element-30ec123 elementor-widget elementor-widget-text-editor\" data-id=\"30ec123\" data-element_type=\"widget\" data-e-type=\"widget\" data-widget_type=\"text-editor.default\">\n\t\t\t\t<div class=\"elementor-widget-container\">\n\t\t\t\t\t\t\t\t\t<p>E.\u00a0 \u00a0 \u00a0info@laurefries.com<\/p><p>\u00a0<\/p><p>A.\u00a0 \u00a0 15, rue de la Fontaine au<\/p><p>\u00a0 \u00a0 \u00a0 \u00a0 Roi &#8211; 75011 Paris<\/p><p>\u00a0<\/p><p>I.\u00a0 \u00a0 \u00a0@laurefries.architecture<\/p><p>\u00a0 \u00a0 \u00a0 \u00a0@laurefries.art<\/p>\t\t\t\t\t\t\t\t<\/div>\n\t\t\t\t<\/div>\n\t\t\t\t\t<\/div>\n\t\t\t\t<\/div>\n\t\t<div class=\"elementor-element elementor-element-acfff8f e-flex e-con-boxed e-con e-child\" data-id=\"acfff8f\" data-element_type=\"container\" data-e-type=\"container\">\n\t\t\t\t\t<div class=\"e-con-inner\">\n\t\t\t\t<div class=\"elementor-element elementor-element-3587841 elementor-view-default elementor-position-block-start elementor-mobile-position-block-start elementor-widget elementor-widget-icon-box\" data-id=\"3587841\" data-element_type=\"widget\" data-e-type=\"widget\" data-widget_type=\"icon-box.default\">\n\t\t\t\t<div class=\"elementor-widget-container\">\n\t\t\t\t\t\t\t<div class=\"elementor-icon-box-wrapper\">\n\n\t\t\t\t\t\t<div class=\"elementor-icon-box-icon\">\n\t\t\t\t<span  class=\"elementor-icon\">\n\t\t\t\t<svg aria-hidden=\"true\" class=\"e-font-icon-svg e-fas-square-full\" viewBox=\"0 0 512 512\" xmlns=\"http:\/\/www.w3.org\/2000\/svg\"><path d=\"M512 512H0V0h512v512z\"><\/path><\/svg>\t\t\t\t<\/span>\n\t\t\t<\/div>\n\t\t\t\n\t\t\t\t\t\t<div class=\"elementor-icon-box-content\">\n\n\t\t\t\t\n\t\t\t\t\t\t\t\t\t<p class=\"elementor-icon-box-description\">\n\t\t\t\t\t\tWe are a creative studio specializing in architecture, construction R&amp;D and art curation. Founded in 2023 by Laure Fri\u00e8s in Paris, our studio is dedicated to exploring diverse fields. Our multidisciplinary approach allows us to push the boundaries of traditional architecture, integrating innovative construction techniques and artistic expressions to create unique and meaningful spaces.\t\t\t\t\t<\/p>\n\t\t\t\t\n\t\t\t<\/div>\n\t\t\t\n\t\t<\/div>\n\t\t\t\t\t\t<\/div>\n\t\t\t\t<\/div>\n\t\t\t\t\t<\/div>\n\t\t\t\t<\/div>\n\t\t\t\t<\/div>\n\t\t<div class=\"elementor-element elementor-element-6b94d87 e-con-full e-flex e-con e-child\" data-id=\"6b94d87\" data-element_type=\"container\" data-e-type=\"container\">\n\t\t<div class=\"elementor-element elementor-element-bdaedc2 e-flex e-con-boxed e-con e-child\" data-id=\"bdaedc2\" data-element_type=\"container\" data-e-type=\"container\">\n\t\t\t\t\t<div class=\"e-con-inner\">\n\t\t\t\t<div class=\"elementor-element elementor-element-32b773c elementor-widget elementor-widget-text-editor\" data-id=\"32b773c\" data-element_type=\"widget\" data-e-type=\"widget\" data-widget_type=\"text-editor.default\">\n\t\t\t\t<div class=\"elementor-widget-container\">\n\t\t\t\t\t\t\t\t\t<p>Graduating from the \u00c9cole Polytechnique F\u00e9d\u00e9rale de Lausanne in 2017, Laure Fri\u00e8s has distinguished herself in the architectural world through her international and multidisciplinary journey. Following her studies, she refined her expertise by working for renowned agencies, notably Sou Fujimoto Architects in Tokyo and Paris. This diverse experience has enabled her to master all phases of an architectural project, from conception to construction.<\/p><p>Her career has taken her across Switzerland, Japan, Myanmar and Mexico, enriching her architectural sensitivity and developing a unique pragmatism. These varied influences are reflected in her projects, ranging from small interventions to large constructions, each marked by profound simplicity and strong emotional resonance.<\/p><p>In 2023, Laure Fri\u00e8s founded her own architectural studio in Paris, pursuing her ambition to create works that are both poetic and minimalist. Her projects place human scale at the heart of the design, with particular attention to natural materials. She seeks to challenge and redefine the way we live, both in interior and exterior spaces, through an architecture that is refined yet deeply expressive.<\/p><p>In parallel with her architectural practice, Laure also explores the world of painting with an experimental approach. Inspired by construction tools and gestures, she creates unique artworks using building instruments. This practice becomes a form of meditation for her, where each gesture transforms into an automatic artistic expression.<\/p><p>Laure Fri\u00e8s&#8217; work sits at the intersection of architecture, art, and design. Her singular vision and dedication to the use of natural materials make her creations both raw and poetic, reflecting a profound contemplation of our interaction with the built environment.<\/p>\t\t\t\t\t\t\t\t<\/div>\n\t\t\t\t<\/div>\n\t\t\t\t\t<\/div>\n\t\t\t\t<\/div>\n\t\t\t\t<\/div>\n\t\t<div class=\"elementor-element elementor-element-4ac5216 e-con-full e-flex e-con e-child\" data-id=\"4ac5216\" data-element_type=\"container\" data-e-type=\"container\" data-settings=\"{&quot;background_background&quot;:&quot;classic&quot;}\">\n\t\t\t\t<div class=\"elementor-element elementor-element-a6a329f elementor-widget elementor-widget-image\" data-id=\"a6a329f\" data-element_type=\"widget\" data-e-type=\"widget\" data-widget_type=\"image.default\">\n\t\t\t\t<div class=\"elementor-widget-container\">\n\t\t\t\t\t\t\t\t\t\t\t\t\t\t\t<img decoding=\"async\" width=\"800\" height=\"800\" src=\"https:\/\/laurefries.com\/wp-content\/uploads\/2024\/03\/b_w-2-1-1024x1024.jpg\" class=\"attachment-large size-large wp-image-38\" alt=\"\" srcset=\"https:\/\/laurefries.com\/wp-content\/uploads\/2024\/03\/b_w-2-1-1024x1024.jpg 1024w, https:\/\/laurefries.com\/wp-content\/uploads\/2024\/03\/b_w-2-1-300x300.jpg 300w, https:\/\/laurefries.com\/wp-content\/uploads\/2024\/03\/b_w-2-1-150x150.jpg 150w, https:\/\/laurefries.com\/wp-content\/uploads\/2024\/03\/b_w-2-1-768x768.jpg 768w, https:\/\/laurefries.com\/wp-content\/uploads\/2024\/03\/b_w-2-1-1536x1536.jpg 1536w, https:\/\/laurefries.com\/wp-content\/uploads\/2024\/03\/b_w-2-1.jpg 2034w\" sizes=\"(max-width: 800px) 100vw, 800px\" \/>\t\t\t\t\t\t\t\t\t\t\t\t\t\t\t<\/div>\n\t\t\t\t<\/div>\n\t\t\t\t<\/div>\n\t\t\t\t<\/div>\n\t\t<div class=\"elementor-element elementor-element-26bea83 e-flex e-con-boxed e-con e-parent\" data-id=\"26bea83\" data-element_type=\"container\" data-e-type=\"container\" data-settings=\"{&quot;background_background&quot;:&quot;classic&quot;}\">\n\t\t\t\t\t<div class=\"e-con-inner\">\n\t\t\t\t<div class=\"elementor-element elementor-element-1d6eb1d elementor-widget elementor-widget-heading\" data-id=\"1d6eb1d\" data-element_type=\"widget\" data-e-type=\"widget\" data-widget_type=\"heading.default\">\n\t\t\t\t<div class=\"elementor-widget-container\">\n\t\t\t\t\t<h2 class=\"elementor-heading-title elementor-size-default\">\u00a9 2025 Laure Fri\u00e8s. All rights reserved<\/h2>\t\t\t\t<\/div>\n\t\t\t\t<\/div>\n\t\t\t\t\t<\/div>\n\t\t\t\t<\/div>\n\t\t\t\t<\/div>\n\t\t","protected":false},"excerpt":{"rendered":"<p>E.\u00a0 \u00a0 \u00a0info@laurefries.com \u00a0 A.\u00a0 \u00a0 15, rue de la Fontaine au \u00a0 \u00a0 \u00a0 \u00a0 Roi &#8211; 75011 Paris \u00a0 I.\u00a0 \u00a0 \u00a0@laurefries.architecture \u00a0 \u00a0 \u00a0 \u00a0@laurefries.art We are a creative studio specializing in architecture, construction R&#038;D and art curation. Founded in 2023 by Laure Fri\u00e8s in Paris, our studio is dedicated to exploring [&hellip;]<\/p>\n","protected":false},"author":1,"featured_media":0,"parent":0,"menu_order":0,"comment_status":"closed","ping_status":"closed","template":"elementor_canvas","meta":{"footnotes":""},"class_list":["post-11","page","type-page","status-publish","hentry"],"_links":{"self":[{"href":"https:\/\/laurefries.com\/index.php\/wp-json\/wp\/v2\/pages\/11","targetHints":{"allow":["GET"]}}],"collection":[{"href":"https:\/\/laurefries.com\/index.php\/wp-json\/wp\/v2\/pages"}],"about":[{"href":"https:\/\/laurefries.com\/index.php\/wp-json\/wp\/v2\/types\/page"}],"author":[{"embeddable":true,"href":"https:\/\/laurefries.com\/index.php\/wp-json\/wp\/v2\/users\/1"}],"replies":[{"embeddable":true,"href":"https:\/\/laurefries.com\/index.php\/wp-json\/wp\/v2\/comments?post=11"}],"version-history":[{"count":193,"href":"https:\/\/laurefries.com\/index.php\/wp-json\/wp\/v2\/pages\/11\/revisions"}],"predecessor-version":[{"id":2653,"href":"https:\/\/laurefries.com\/index.php\/wp-json\/wp\/v2\/pages\/11\/revisions\/2653"}],"wp:attachment":[{"href":"https:\/\/laurefries.com\/index.php\/wp-json\/wp\/v2\/media?parent=11"}],"curies":[{"name":"wp","href":"https:\/\/api.w.org\/{rel}","templated":true}]}}